{"id":9,"date":"2017-03-30T15:13:41","date_gmt":"2017-03-30T13:13:41","guid":{"rendered":"https:\/\/assembly-festival.at\/tickets\/?post_type=product&#038;p=9"},"modified":"2021-09-10T18:46:18","modified_gmt":"2021-09-10T16:46:18","slug":"modenschau-und-koe-fashion-award","status":"publish","type":"product","link":"https:\/\/assembly-festival.at\/tickets\/produkt\/modenschau-und-koe-fashion-award\/","title":{"rendered":"Modenschau und K&#038;\u00d6 Fashion Award"},"content":{"rendered":"","protected":false},"excerpt":{"rendered":"<p>Die Schlo\u00dfbergb\u00fchne Kasematten wird zum Catwalk: Unter dem Motto Best-of assembly zeigen inter*nationale Kastner &amp; \u00d6hler Fashion Award-Preistr\u00e4ger*innen sowie junge \u00f6sterreichische Designer*innen spannendes, mutiges und zukunftsweisendes Modedesign. Musikalisch in Szene gesetzt von Rainer Binder-Krieglstein, Uwe Bubik und Michael Eisl. Moderiert von Gerald Votava. Mit Visuals von OchoReSotto.<\/p>\n<p>H\u00f6hepunkt des Abends ist die Verleihung des 11. Kastner &amp; \u00d6hler Fashion Awards, dotiert mit 3000 Euro. Eine Jury k\u00fcrt das innovativste Label und vergibt den Award im Rahmen der Show. Vor und gleich im Anschluss an die Show l\u00e4dt assembly zusammen mit den Designer*innen zur Pop-up-Verkaufsausstellung in einzigartiger Atmosph\u00e4re.<\/p>\n<p>Haare: <a href=\"http:\/\/fell-salon.com\/\" target=\"_blank\" rel=\"noopener\">Fell Salon<\/a><br \/>\nMake-up: Christina Halitzki<\/p>\n<p>Einlass 18:30 Uhr<\/p>\n<p>Eintritt Modenschau:<br \/>\nVVK EUR 22,\u2013 \/ AK EUR 25,\u2013<\/p>\n<p>&#8211; <a href=\"https:\/\/www.kastner-oehler.at\/\" target=\"_blank\" rel=\"noopener\">Kastner &amp; \u00d6hler<\/a> \u2013 Hauptkasse, 1. OG, Sackstra\u00dfe 7, 8010 Graz<br \/>\n&#8211; <a href=\"http:\/\/fell-salon.com\/\" target=\"_blank\" rel=\"noopener\">Fell Salon<\/a>, Grazbachgasse 12, 8010 Graz<\/p>\n","protected":false},"featured_media":223,"comment_status":"closed","ping_status":"closed","template":"","meta":[],"product_cat":[18],"product_tag":[],"_links":{"self":[{"href":"https:\/\/assembly-festival.at\/tickets\/wp-json\/wp\/v2\/product\/9"}],"collection":[{"href":"https:\/\/assembly-festival.at\/tickets\/wp-json\/wp\/v2\/product"}],"about":[{"href":"https:\/\/assembly-festival.at\/tickets\/wp-json\/wp\/v2\/types\/product"}],"replies":[{"embeddable":true,"href":"https:\/\/assembly-festival.at\/tickets\/wp-json\/wp\/v2\/comments?post=9"}],"wp:featuredmedia":[{"embeddable":true,"href":"https:\/\/assembly-festival.at\/tickets\/wp-json\/wp\/v2\/media\/223"}],"wp:attachment":[{"href":"https:\/\/assembly-festival.at\/tickets\/wp-json\/wp\/v2\/media?parent=9"}],"wp:term":[{"taxonomy":"product_cat","embeddable":true,"href":"https:\/\/assembly-festival.at\/tickets\/wp-json\/wp\/v2\/product_cat?post=9"},{"taxonomy":"product_tag","embeddable":true,"href":"https:\/\/assembly-festival.at\/tickets\/wp-json\/wp\/v2\/product_tag?post=9"}],"curies":[{"name":"wp","href":"https:\/\/api.w.org\/{rel}","templated":true}]}}